{"id":1672,"date":"2018-02-09T16:30:31","date_gmt":"2018-02-09T15:30:31","guid":{"rendered":"https:\/\/prosciuttodiparma.museidelcibo.it\/prosciutto-di-rigucci-al-museo-del-prosciutto-parma\/"},"modified":"2019-02-25T16:17:52","modified_gmt":"2019-02-25T15:17:52","slug":"prosciutto-di-rigucci-al-museo-del-prosciutto-parma","status":"publish","type":"page","link":"https:\/\/prosciuttodiparma.museidelcibo.it\/en\/prosciutto-di-rigucci-al-museo-del-prosciutto-parma\/","title":{"rendered":"Il \u201cProsciutto\u201d di Marcello Rigucci al Museo del Prosciutto di Parma"},"content":{"rendered":"<div class=\"fusion-fullwidth fullwidth-box nonhundred-percent-fullwidth non-hundred-percent-height-scrolling\"  style='background-color: rgba(255,255,255,0);background-position: center center;background-repeat: no-repeat;padding-top:0px;padding-right:0px;padding-bottom:0px;padding-left:0px;'><div class=\"fusion-builder-row fusion-row \"><div  class=\"fusion-layout-column fusion_builder_column fusion_builder_column_1_1  fusion-one-full fusion-column-first fusion-column-last 1_1\"  style='margin-top:0px;margin-bottom:20px;'>\n\t\t\t\t\t<div class=\"fusion-column-wrapper\" style=\"padding: 0px 0px 0px 0px;background-position:left top;background-repeat:no-repeat;-webkit-background-size:cover;-moz-background-size:cover;-o-background-size:cover;background-size:cover;\"  data-bg-url=\"\">\n\t\t\t\t\t\t<div class=\"fusion-sep-clear\"><\/div><div class=\"fusion-separator fusion-full-width-sep sep-none\" style=\"margin-left: auto;margin-right: auto;margin-top:20px;margin-bottom:10px;\"><\/div><div class=\"fusion-text\"><p>Una visita al Museo di Langhirano e, immediato, un messaggio: \u201c<em>Il mio prosciutto pu\u00f2 stare bene solo qui, dove tanti lo possano vedere. Inutile che resti a casa mia<\/em>\u201d.<\/p>\n<p>Queste le semplici parole che raccontano la storia di un dono. Quello offerto dallo scultore Marcello Rigucci al Museo del Prosciutto. Un prosciutto \u201cestratto\u201d dalla materia calcarea di un sasso dell\u2019Appennino e destinato a raccontare la metafora della vita a tutti i visitatori che ogni anno transitano dal museo dedicato al re dei salumi parmigiani.<\/p>\n<\/div><div class=\"fusion-sep-clear\"><\/div><div class=\"fusion-separator fusion-full-width-sep sep-none\" style=\"margin-left: auto;margin-right: auto;margin-top:10px;margin-bottom:10px;\"><\/div><span class=\"fusion-imageframe imageframe-none imageframe-1 hover-type-none\"><img loading=\"lazy\" src=\"https:\/\/prosciuttodiparma.museidelcibo.it\/wp-content\/uploads\/sites\/3\/2018\/02\/1-200x300.jpg\" width=\"200\" height=\"300\" alt=\"Marcello Rigucci, Prosciutto, pietra serena e legno, 2014\" title=\"Marcello Rigucci, Prosciutto, pietra serena e legno, 2014\" class=\"img-responsive wp-image-911\" srcset=\"https:\/\/prosciuttodiparma.museidelcibo.it\/wp-content\/uploads\/sites\/3\/2018\/02\/1-200x300.jpg 200w, https:\/\/prosciuttodiparma.museidelcibo.it\/wp-content\/uploads\/sites\/3\/2018\/02\/1-400x599.jpg 400w, https:\/\/prosciuttodiparma.museidelcibo.it\/wp-content\/uploads\/sites\/3\/2018\/02\/1-600x899.jpg 600w, https:\/\/prosciuttodiparma.museidelcibo.it\/wp-content\/uploads\/sites\/3\/2018\/02\/1-800x1199.jpg 800w, https:\/\/prosciuttodiparma.museidelcibo.it\/wp-content\/uploads\/sites\/3\/2018\/02\/1-1200x1798.jpg 1200w\" sizes=\"(max-width: 800px) 100vw, 200px\" \/><\/span><div class=\"fusion-sep-clear\"><\/div><div class=\"fusion-separator fusion-full-width-sep sep-none\" style=\"margin-left: auto;margin-right: auto;margin-top:10px;margin-bottom:10px;\"><\/div><div class=\"fusion-text\"><div style=\"font-size: 14px\"><strong>Marcello Rigucci, Prosciutto, pietra serena e legno, 2014<\/strong><\/div>\n<\/div><div class=\"fusion-sep-clear\"><\/div><div class=\"fusion-separator fusion-full-width-sep sep-none\" style=\"margin-left: auto;margin-right: auto;margin-top:10px;margin-bottom:10px;\"><\/div><div class=\"fusion-text\"><p>Nato nel 1951 a Citt\u00e0 di Castello (PG), Marcello Rigucci si trasfer\u00ec ancora molto giovane a Firenze per gli studi e si diplom\u00f2 in meccanica. Il suo lavoro di tecnico civile elettromeccanico lo ha portato a girare il mondo a bordo delle grandi navi della Marina Italiana. Nel Duemila la pensione lo porta alla scoperta della lavorazione della pietra nel suo casale nei dintorni di Citt\u00e0 di Castello.<\/p>\n<p>Il vivido e forte ricordo dei suoi viaggi, degli approdi e delle traversate \u00e8 determinante per la comprensione e la esegesi delle sue opere.<\/p>\n<p>Elementi eclettici, lontani, a prima vista avulsi da questa terra, si fanno veri e si imprimono nella fissit\u00e0 archetipica della pietra: dalla grecit\u00e0 classica ad influenze aborigene ed africane, fino agli Incas e Maia d\u2019America e ai Moai dell\u2019isola di Pasqua.<\/p>\n<p>Le sue opere sono una teoria di simboli primordiali legati alla storia universale dell\u2019uomo.<\/p>\n<p>Curioso trovare un ricercatore ed un artista cos\u00ec ecumenico sulle falde dell\u2019Appennino umbro-marchigiano. \u201c<em>Tra le montagne pi\u00f9 antiche del mondo, dove la terra si impasta alla pietra ed il pensiero si fa puro<\/em>\u201d.<\/p>\n<\/div><div class=\"fusion-sep-clear\"><\/div><div class=\"fusion-separator fusion-full-width-sep sep-none\" style=\"margin-left: auto;margin-right: auto;margin-top:10px;margin-bottom:10px;\"><\/div><span class=\"fusion-imageframe imageframe-none imageframe-2 hover-type-none\"><img loading=\"lazy\" src=\"https:\/\/prosciuttodiparma.museidelcibo.it\/wp-content\/uploads\/sites\/3\/2018\/02\/2-161x300.jpg\" width=\"161\" height=\"300\" alt=\"Lo scultore Marcello Rigucci con il sasso che \u201cdiventera\u0300\u201d il Prosciutto, scolpito e donato al Museo di Langhirano\" title=\"Lo scultore Marcello Rigucci con il sasso che \u201cdiventera\u0300\u201d il Prosciutto, scolpito e donato al Museo di Langhirano\" class=\"img-responsive wp-image-913\" srcset=\"https:\/\/prosciuttodiparma.museidelcibo.it\/wp-content\/uploads\/sites\/3\/2018\/02\/2-200x373.jpg 200w, https:\/\/prosciuttodiparma.museidelcibo.it\/wp-content\/uploads\/sites\/3\/2018\/02\/2-400x746.jpg 400w, https:\/\/prosciuttodiparma.museidelcibo.it\/wp-content\/uploads\/sites\/3\/2018\/02\/2-600x1119.jpg 600w, https:\/\/prosciuttodiparma.museidelcibo.it\/wp-content\/uploads\/sites\/3\/2018\/02\/2.jpg 800w\" sizes=\"(max-width: 800px) 100vw, 161px\" \/><\/span><div class=\"fusion-sep-clear\"><\/div><div class=\"fusion-separator fusion-full-width-sep sep-none\" style=\"margin-left: auto;margin-right: auto;margin-top:10px;margin-bottom:10px;\"><\/div><div class=\"fusion-text\"><div style=\"font-size: 14px\"><strong>Lo scultore Marcello Rigucci con il sasso che \u201cdiventera\u0300\u201d il Prosciutto, scolpito e donato al Museo di Langhirano<\/strong><\/div>\n<\/div><div class=\"fusion-sep-clear\"><\/div><div class=\"fusion-separator fusion-full-width-sep sep-none\" style=\"margin-left: auto;margin-right: auto;margin-top:20px;margin-bottom:20px;\"><\/div><div class=\"fusion-text\"><p>E&#8217; qui che scaturisce il pensiero che d\u00e0 vita alle sue opere: interpretare la pietra, seguire le sue forme, le sue vene ed i suoi nodi; assecondare la sua natura, in un libero creativo concorso di realt\u00e0 ed immaginazione. \u00e8 la forma primaria a dover essere rintracciata nella materia. Che in essa \u00e8 gi\u00e0 contenuta. Le idee non si generano, si scoprono: \u201c<em>passo del tempo a fissare, quasi ad interrogare, le mie pietre, come se custodissero un segreto, il segreto della forma, appunto<\/em>\u201d.<\/p>\n<p>Il prosciutto di pietra serena, realizzato nel 2014 ha le dimensioni di quello vero, figlio della tradizione millenaria dei norcini, per intenderci quello di un maiale da 180 chili: pesa circa 25 kg, \u00e8 munito di spago per appenderlo e lo completa un coltello di legno, che \u201cvola\u201d nell\u2019atto del taglio.<\/p>\n<p>Consegnato ai Musei del Cibo il 20 maggio, \u00e8 stato ufficialmente presentato al museo il 2 settembre 2017, in occasione dell\u2019annuale Festival del Prosciutto.<\/p>\n<\/div><div class=\"fusion-sep-clear\"><\/div><div class=\"fusion-separator fusion-full-width-sep sep-none\" style=\"margin-left: auto;margin-right: auto;margin-top:10px;margin-bottom:10px;\"><\/div><span class=\"fusion-imageframe imageframe-none imageframe-3 hover-type-none\"><img loading=\"lazy\" src=\"https:\/\/prosciuttodiparma.museidelcibo.it\/wp-content\/uploads\/sites\/3\/2018\/02\/3-300x225.jpg\" width=\"300\" height=\"225\" alt=\"La consegna del \u201cProsciutto\u201d al Parma Point il 20 maggio 2017\" title=\"La consegna del \u201cProsciutto\u201d al Parma Point il 20 maggio 2017\" class=\"img-responsive wp-image-909\" srcset=\"https:\/\/prosciuttodiparma.museidelcibo.it\/wp-content\/uploads\/sites\/3\/2018\/02\/3-200x150.jpg 200w, https:\/\/prosciuttodiparma.museidelcibo.it\/wp-content\/uploads\/sites\/3\/2018\/02\/3-400x300.jpg 400w, https:\/\/prosciuttodiparma.museidelcibo.it\/wp-content\/uploads\/sites\/3\/2018\/02\/3-600x450.jpg 600w, https:\/\/prosciuttodiparma.museidelcibo.it\/wp-content\/uploads\/sites\/3\/2018\/02\/3.jpg 800w\" sizes=\"(max-width: 800px) 100vw, 300px\" \/><\/span><div class=\"fusion-sep-clear\"><\/div><div class=\"fusion-separator fusion-full-width-sep sep-none\" style=\"margin-left: auto;margin-right: auto;margin-top:10px;margin-bottom:10px;\"><\/div><div class=\"fusion-text\"><div style=\"font-size: 14px\"><strong>La consegna del \u201cProsciutto\u201d al Parma Point il 20 maggio 2017<\/strong><\/div>\n<\/div><div class=\"fusion-sep-clear\"><\/div><div class=\"fusion-separator fusion-full-width-sep sep-none\" style=\"margin-left: auto;margin-right: auto;margin-top:20px;margin-bottom:20px;\"><\/div><div class=\"fusion-clearfix\"><\/div>\n\n\t\t\t\t\t<\/div>\n\t\t\t\t<\/div><\/div><\/div>\n","protected":false},"excerpt":{"rendered":"","protected":false},"author":9,"featured_media":0,"parent":0,"menu_order":19,"comment_status":"closed","ping_status":"closed","template":"side-navigation.php","meta":[],"_links":{"self":[{"href":"https:\/\/prosciuttodiparma.museidelcibo.it\/en\/wp-json\/wp\/v2\/pages\/1672"}],"collection":[{"href":"https:\/\/prosciuttodiparma.museidelcibo.it\/en\/wp-json\/wp\/v2\/pages"}],"about":[{"href":"https:\/\/prosciuttodiparma.museidelcibo.it\/en\/wp-json\/wp\/v2\/types\/page"}],"author":[{"embeddable":true,"href":"https:\/\/prosciuttodiparma.museidelcibo.it\/en\/wp-json\/wp\/v2\/users\/9"}],"replies":[{"embeddable":true,"href":"https:\/\/prosciuttodiparma.museidelcibo.it\/en\/wp-json\/wp\/v2\/comments?post=1672"}],"version-history":[{"count":0,"href":"https:\/\/prosciuttodiparma.museidelcibo.it\/en\/wp-json\/wp\/v2\/pages\/1672\/revisions"}],"wp:attachment":[{"href":"https:\/\/prosciuttodiparma.museidelcibo.it\/en\/wp-json\/wp\/v2\/media?parent=1672"}],"curies":[{"name":"wp","href":"https:\/\/api.w.org\/{rel}","templated":true}]}}